{"id":542,"date":"2024-12-19T21:35:34","date_gmt":"2024-12-19T20:35:34","guid":{"rendered":"http:\/\/www.medecinssecteur3.org\/?page_id=542"},"modified":"2024-12-19T22:27:29","modified_gmt":"2024-12-19T21:27:29","slug":"fichiersatelecharger","status":"publish","type":"page","link":"https:\/\/www.medecinssecteur3.org\/index.php\/fichiersatelecharger\/","title":{"rendered":"Fichiers \u00e0 t\u00e9l\u00e9charger"},"content":{"rendered":"\n<p><\/p>\n\n\n\n\n","protected":false},"excerpt":{"rendered":"","protected":false},"author":2,"featured_media":0,"parent":0,"menu_order":0,"comment_status":"closed","ping_status":"closed","template":"","meta":{"saved_in_kubio":true,"footnotes":""},"class_list":["post-542","page","type-page","status-publish","hentry"],"kubio_ai_page_context":{"short_desc":"","purpose":"general"},"yoast_head":"<!-- This site is optimized with the Yoast SEO plugin v26.2 - https:\/\/yoast.com\/wordpress\/plugins\/seo\/ -->\n<title>Fichiers \u00e0 t\u00e9l\u00e9charger - Syndicat M\u00e9decins Secteur 3<\/title>\n<meta name=\"robots\" content=\"index, follow, max-snippet:-1, max-image-preview:large, max-video-preview:-1\" \/>\n<link rel=\"canonical\" href=\"https:\/\/www.medecinssecteur3.org\/index.php\/fichiersatelecharger\/\" \/>\n<meta property=\"og:locale\" content=\"fr_FR\" \/>\n<meta property=\"og:type\" content=\"article\" \/>\n<meta property=\"og:title\" content=\"Fichiers \u00e0 t\u00e9l\u00e9charger - Syndicat M\u00e9decins Secteur 3\" \/>\n<meta property=\"og:url\" content=\"https:\/\/www.medecinssecteur3.org\/index.php\/fichiersatelecharger\/\" \/>\n<meta property=\"og:site_name\" content=\"Syndicat M\u00e9decins Secteur 3\" \/>\n<meta property=\"article:publisher\" content=\"https:\/\/www.facebook.com\/groups\/2012686765831983\" \/>\n<meta property=\"article:modified_time\" content=\"2024-12-19T21:27:29+00:00\" \/>\n<meta name=\"twitter:card\" content=\"summary_large_image\" \/>\n<script type=\"application\/ld+json\" class=\"yoast-schema-graph\">{\"@context\":\"https:\/\/schema.org\",\"@graph\":[{\"@type\":\"WebPage\",\"@id\":\"https:\/\/www.medecinssecteur3.org\/index.php\/fichiersatelecharger\/\",\"url\":\"https:\/\/www.medecinssecteur3.org\/index.php\/fichiersatelecharger\/\",\"name\":\"Fichiers \u00e0 t\u00e9l\u00e9charger - Syndicat M\u00e9decins Secteur 3\",\"isPartOf\":{\"@id\":\"https:\/\/www.medecinssecteur3.org\/#website\"},\"datePublished\":\"2024-12-19T20:35:34+00:00\",\"dateModified\":\"2024-12-19T21:27:29+00:00\",\"breadcrumb\":{\"@id\":\"https:\/\/www.medecinssecteur3.org\/index.php\/fichiersatelecharger\/#breadcrumb\"},\"inLanguage\":\"fr-FR\",\"potentialAction\":[{\"@type\":\"ReadAction\",\"target\":[\"https:\/\/www.medecinssecteur3.org\/index.php\/fichiersatelecharger\/\"]}]},{\"@type\":\"BreadcrumbList\",\"@id\":\"https:\/\/www.medecinssecteur3.org\/index.php\/fichiersatelecharger\/#breadcrumb\",\"itemListElement\":[{\"@type\":\"ListItem\",\"position\":1,\"name\":\"Accueil\",\"item\":\"https:\/\/www.medecinssecteur3.org\/\"},{\"@type\":\"ListItem\",\"position\":2,\"name\":\"Fichiers \u00e0 t\u00e9l\u00e9charger\"}]},{\"@type\":\"WebSite\",\"@id\":\"https:\/\/www.medecinssecteur3.org\/#website\",\"url\":\"https:\/\/www.medecinssecteur3.org\/\",\"name\":\"Syndicat M\u00e9decins Secteur 3\",\"description\":\"\",\"publisher\":{\"@id\":\"https:\/\/www.medecinssecteur3.org\/#organization\"},\"potentialAction\":[{\"@type\":\"SearchAction\",\"target\":{\"@type\":\"EntryPoint\",\"urlTemplate\":\"https:\/\/www.medecinssecteur3.org\/?s={search_term_string}\"},\"query-input\":{\"@type\":\"PropertyValueSpecification\",\"valueRequired\":true,\"valueName\":\"search_term_string\"}}],\"inLanguage\":\"fr-FR\"},{\"@type\":\"Organization\",\"@id\":\"https:\/\/www.medecinssecteur3.org\/#organization\",\"name\":\"Syndicat M\u00e9decins Secteur 3\",\"url\":\"https:\/\/www.medecinssecteur3.org\/\",\"logo\":{\"@type\":\"ImageObject\",\"inLanguage\":\"fr-FR\",\"@id\":\"https:\/\/www.medecinssecteur3.org\/#\/schema\/logo\/image\/\",\"url\":\"https:\/\/www.medecinssecteur3.org\/wp-content\/uploads\/2024\/10\/cropped-Logo.png\",\"contentUrl\":\"https:\/\/www.medecinssecteur3.org\/wp-content\/uploads\/2024\/10\/cropped-Logo.png\",\"width\":500,\"height\":500,\"caption\":\"Syndicat M\u00e9decins Secteur 3\"},\"image\":{\"@id\":\"https:\/\/www.medecinssecteur3.org\/#\/schema\/logo\/image\/\"},\"sameAs\":[\"https:\/\/www.facebook.com\/groups\/2012686765831983\",\"https:\/\/www.linkedin.com\/company\/105212814\/admin\/dashboard\/\"]}]}<\/script>\n<!-- \/ Yoast SEO plugin. -->","yoast_head_json":{"title":"Fichiers \u00e0 t\u00e9l\u00e9charger - Syndicat M\u00e9decins Secteur 3","robots":{"index":"index","follow":"follow","max-snippet":"max-snippet:-1","max-image-preview":"max-image-preview:large","max-video-preview":"max-video-preview:-1"},"canonical":"https:\/\/www.medecinssecteur3.org\/index.php\/fichiersatelecharger\/","og_locale":"fr_FR","og_type":"article","og_title":"Fichiers \u00e0 t\u00e9l\u00e9charger - Syndicat M\u00e9decins Secteur 3","og_url":"https:\/\/www.medecinssecteur3.org\/index.php\/fichiersatelecharger\/","og_site_name":"Syndicat M\u00e9decins Secteur 3","article_publisher":"https:\/\/www.facebook.com\/groups\/2012686765831983","article_modified_time":"2024-12-19T21:27:29+00:00","twitter_card":"summary_large_image","schema":{"@context":"https:\/\/schema.org","@graph":[{"@type":"WebPage","@id":"https:\/\/www.medecinssecteur3.org\/index.php\/fichiersatelecharger\/","url":"https:\/\/www.medecinssecteur3.org\/index.php\/fichiersatelecharger\/","name":"Fichiers \u00e0 t\u00e9l\u00e9charger - Syndicat M\u00e9decins Secteur 3","isPartOf":{"@id":"https:\/\/www.medecinssecteur3.org\/#website"},"datePublished":"2024-12-19T20:35:34+00:00","dateModified":"2024-12-19T21:27:29+00:00","breadcrumb":{"@id":"https:\/\/www.medecinssecteur3.org\/index.php\/fichiersatelecharger\/#breadcrumb"},"inLanguage":"fr-FR","potentialAction":[{"@type":"ReadAction","target":["https:\/\/www.medecinssecteur3.org\/index.php\/fichiersatelecharger\/"]}]},{"@type":"BreadcrumbList","@id":"https:\/\/www.medecinssecteur3.org\/index.php\/fichiersatelecharger\/#breadcrumb","itemListElement":[{"@type":"ListItem","position":1,"name":"Accueil","item":"https:\/\/www.medecinssecteur3.org\/"},{"@type":"ListItem","position":2,"name":"Fichiers \u00e0 t\u00e9l\u00e9charger"}]},{"@type":"WebSite","@id":"https:\/\/www.medecinssecteur3.org\/#website","url":"https:\/\/www.medecinssecteur3.org\/","name":"Syndicat M\u00e9decins Secteur 3","description":"","publisher":{"@id":"https:\/\/www.medecinssecteur3.org\/#organization"},"potentialAction":[{"@type":"SearchAction","target":{"@type":"EntryPoint","urlTemplate":"https:\/\/www.medecinssecteur3.org\/?s={search_term_string}"},"query-input":{"@type":"PropertyValueSpecification","valueRequired":true,"valueName":"search_term_string"}}],"inLanguage":"fr-FR"},{"@type":"Organization","@id":"https:\/\/www.medecinssecteur3.org\/#organization","name":"Syndicat M\u00e9decins Secteur 3","url":"https:\/\/www.medecinssecteur3.org\/","logo":{"@type":"ImageObject","inLanguage":"fr-FR","@id":"https:\/\/www.medecinssecteur3.org\/#\/schema\/logo\/image\/","url":"https:\/\/www.medecinssecteur3.org\/wp-content\/uploads\/2024\/10\/cropped-Logo.png","contentUrl":"https:\/\/www.medecinssecteur3.org\/wp-content\/uploads\/2024\/10\/cropped-Logo.png","width":500,"height":500,"caption":"Syndicat M\u00e9decins Secteur 3"},"image":{"@id":"https:\/\/www.medecinssecteur3.org\/#\/schema\/logo\/image\/"},"sameAs":["https:\/\/www.facebook.com\/groups\/2012686765831983","https:\/\/www.linkedin.com\/company\/105212814\/admin\/dashboard\/"]}]}},"_links":{"self":[{"href":"https:\/\/www.medecinssecteur3.org\/index.php\/wp-json\/wp\/v2\/pages\/542","targetHints":{"allow":["GET"]}}],"collection":[{"href":"https:\/\/www.medecinssecteur3.org\/index.php\/wp-json\/wp\/v2\/pages"}],"about":[{"href":"https:\/\/www.medecinssecteur3.org\/index.php\/wp-json\/wp\/v2\/types\/page"}],"author":[{"embeddable":true,"href":"https:\/\/www.medecinssecteur3.org\/index.php\/wp-json\/wp\/v2\/users\/2"}],"replies":[{"embeddable":true,"href":"https:\/\/www.medecinssecteur3.org\/index.php\/wp-json\/wp\/v2\/comments?post=542"}],"version-history":[{"count":5,"href":"https:\/\/www.medecinssecteur3.org\/index.php\/wp-json\/wp\/v2\/pages\/542\/revisions"}],"predecessor-version":[{"id":569,"href":"https:\/\/www.medecinssecteur3.org\/index.php\/wp-json\/wp\/v2\/pages\/542\/revisions\/569"}],"wp:attachment":[{"href":"https:\/\/www.medecinssecteur3.org\/index.php\/wp-json\/wp\/v2\/media?parent=542"}],"curies":[{"name":"wp","href":"https:\/\/api.w.org\/{rel}","templated":true}]}}